{"id":15195,"date":"2023-02-07T14:28:50","date_gmt":"2023-02-07T13:28:50","guid":{"rendered":"https:\/\/www.srbijagas.com\/?page_id=15195"},"modified":"2023-02-07T14:28:50","modified_gmt":"2023-02-07T13:28:50","slug":"javne-nabavke-2023","status":"publish","type":"page","link":"https:\/\/www.srbijagas.com\/?page_id=15195","title":{"rendered":"\u0408\u0430\u0432\u043d\u0435 \u043d\u0430\u0431\u0430\u0432\u043a\u0435 2023"},"content":{"rendered":"<p><div class=\"fusion-fullwidth fullwidth-box fusion-builder-row-1 nonhundred-percent-fullwidth non-hundred-percent-height-scrolling\" style=\"--awb-border-radius-top-left:0px;--awb-border-radius-top-right:0px;--awb-border-radius-bottom-right:0px;--awb-border-radius-bottom-left:0px;--awb-padding-top:0px;--awb-padding-right:3%;--awb-padding-left:3%;--awb-margin-top:10px;--awb-background-color:rgba(192,193,186,0.17);--awb-flex-wrap:wrap;\" ><div class=\"fusion-builder-row fusion-row\"><div class=\"fusion-layout-column fusion_builder_column fusion-builder-column-0 fusion_builder_column_1_1 1_1 fusion-one-full fusion-column-first fusion-column-last\" style=\"--awb-bg-size:cover;\"><div class=\"fusion-column-wrapper fusion-flex-column-wrapper-legacy\"><div class=\"fusion-sep-clear\"><\/div><div class=\"fusion-separator fusion-full-width-sep\" style=\"margin-left: auto;margin-right: auto;margin-top:60px;margin-bottom:0px;width:100%;\"><\/div><div class=\"fusion-sep-clear\"><\/div>\n<table id=\"tablepress-9\" class=\"tablepress tablepress-id-9\">\n<thead>\n<tr class=\"row-1\">\n\t<th class=\"column-1\">\u041d\u0430\u0437\u0438\u0432 \u0438 \u0431\u0440\u043e\u0458 \u0458\u0430\u0432\u043d\u0435 \u043d\u0430\u0431\u0430\u0432\u043a\u0435<\/th><th class=\"column-2\">\u0412\u0440\u0441\u0442\u0430 \u043d\u0430\u0431\u0430\u0432\u043a\u0435 \u043f\u043e \u043f\u0440\u0435\u0434\u043c\u0435\u0442\u0443<\/th><th class=\"column-3\">\u0412\u0440\u0441\u0442\u0430 \u043d\u0430\u0431\u0430\u0432\u043a\u0435 \u043f\u043e \u043f\u043e\u0441\u0442\u0443\u043f\u043a\u0443<\/th><th class=\"column-4\">\u0420\u043e\u043a \u0437\u0430 \u0434\u043e\u0441\u0442\u0430\u0432\u0459\u0430\u045a\u0435 \u043f\u043e\u043d\u0443\u0434\u0430<\/th><th class=\"column-5\">\u041a\u043e\u043d\u043a\u0443\u0440\u0441\u043d\u0430 \u0434\u043e\u043a\u0443\u043c\u0435\u043d\u0430\u0442\u0446\u0438\u0458\u0430<\/th><th class=\"column-6\">\u041d\u0430\u043a\u043d\u0430\u0434\u043d\u0430 \u043e\u0431\u0430\u0432\u0435\u0448\u0442\u0435\u045a\u0430<\/th>\n<\/tr>\n<\/thead>\n<tbody class=\"row-striping row-hover\">\n<tr class=\"row-2\">\n\t<td class=\"column-1\">Usluga \u2013 tehni\u010dkog pregleda i registracije slu\u017ebenih vozila  U-439\/2025-TE<\/td><td class=\"column-2\">Usluga<\/td><td class=\"column-3\">Otvoreni postupak \u2013okvirni sporazum<\/td><td class=\"column-4\">27.01.2026 10:00<\/td><td class=\"column-5\">Javni poziv<br \/>\nObjavljeno 29.12.2025.<br \/>\n<a href=\"https:\/\/www.srbijagas.com\/wp-content\/uploads\/2026\/01\/Javni-poziv-sektorski-narucilac-2.pdf\">Preuzimanje<\/a><\/td><td class=\"column-6\"><\/td>\n<\/tr>\n<tr class=\"row-3\">\n\t<td class=\"column-1\">Zatvara\u010di \u010dista\u010dkih kutija, JN D-274\/2025-GK<\/td><td class=\"column-2\">Dobra<\/td><td class=\"column-3\">Otvoreni postupak<\/td><td class=\"column-4\">26.01.2026 11:00<\/td><td class=\"column-5\">Javni poziv i uputstvo ponu\u0111a\u010dima<br \/>\nObjavljeno 18.12.2025.<br \/>\n<a href=\"https:\/\/www.srbijagas.com\/wp-content\/uploads\/2025\/12\/Zatvaraci-cistackih-kutija-JN-D-274-2025-GK.zip\">Preuzimanje<\/a><\/td><td class=\"column-6\"><\/td>\n<\/tr>\n<tr class=\"row-4\">\n\t<td class=\"column-1\">Zatvara\u010di \u010dista\u010dkih kutija za gasovode do 16'' D-60\/2025-GK<\/td><td class=\"column-2\">Dobra<\/td><td class=\"column-3\">Otvoreni postupak<\/td><td class=\"column-4\">22.12.2025 11:00<\/td><td class=\"column-5\">Javni poziv i uputstvo ponu\u0111a\u010dima<br \/>\nObjavljeno 19.11.2025.<br \/>\n<a href=\"https:\/\/www.srbijagas.com\/wp-content\/uploads\/2025\/11\/Zatvaraci-cistackih-kutija-za-gasovode-do-16-D-60-2025-GK.zip\">Preuzimanje<\/a><\/td><td class=\"column-6\"><\/td>\n<\/tr>\n<tr class=\"row-5\">\n\t<td class=\"column-1\">Zatvara\u010di \u010dista\u010dkih kutija za gasovode od 24'' do 30'' D-62\/2025-GK<\/td><td class=\"column-2\">Dobra<\/td><td class=\"column-3\">Otvoreni postupak<\/td><td class=\"column-4\">22.12.2025 10:30<\/td><td class=\"column-5\">Javni poziv i uputstvo ponu\u0111a\u010dima<br \/>\nObjavljeno 19.11.2025.<br \/>\n<a href=\"https:\/\/www.srbijagas.com\/wp-content\/uploads\/2025\/11\/Zatvaraci-cistackih-kutija-za-gasovode-od-24-do-30-D-62-2025-GK.zip\">Preuzimanje<\/a><\/td><td class=\"column-6\"><\/td>\n<\/tr>\n<tr class=\"row-6\">\n\t<td class=\"column-1\">Zatvara\u010di \u010dista\u010dkih kutija za gasovode od 16'' do 24'' D-61\/2025-GK<\/td><td class=\"column-2\">Dobra<\/td><td class=\"column-3\">Otvoreni postupak<\/td><td class=\"column-4\">22.12.2025 10:00<\/td><td class=\"column-5\">Javni poziv i uputstvo ponu\u0111a\u010dima<br \/>\nObjavljeno 19.11.2025.<br \/>\n<a href=\"https:\/\/www.srbijagas.com\/wp-content\/uploads\/2025\/11\/Zatvaraci-cistackih-kutija-za-gasovode-od-16-do-24-D-57-2024-GK.zip\">Preuzimanje<\/a><\/td><td class=\"column-6\"><\/td>\n<\/tr>\n<tr class=\"row-7\">\n\t<td class=\"column-1\">Osiguranje zaposlenih, nekretnina, postrojenja i opreme, U-448\/2025-GK<\/td><td class=\"column-2\">Usluge<\/td><td class=\"column-3\">Otvoreni postupak<\/td><td class=\"column-4\">25.12.2025 10:00<\/td><td class=\"column-5\">Javni poziv i uputstvo ponu\u0111a\u010dima<br \/>\nObjavljeno 13.11.2025.<br \/>\n<a href=\"https:\/\/www.srbijagas.com\/wp-content\/uploads\/2025\/11\/Osiguranje-zaposlenih-nekretnina-postrojenja-i-opreme-U-448-2025-GK.zip\">Preuzimanje<\/a><\/td><td class=\"column-6\"><\/td>\n<\/tr>\n<tr class=\"row-8\">\n\t<td class=\"column-1\">Lido anode D-295\/2025-GK<\/td><td class=\"column-2\">Dobra<\/td><td class=\"column-3\">Otvoreni postupak<\/td><td class=\"column-4\">10.11.2025 10:00<\/td><td class=\"column-5\">Javni poziv i uputstvo ponu\u0111a\u010dima<br \/>\nObjavljeno 07.10.2025.<br \/>\n<a href=\"https:\/\/www.srbijagas.com\/wp-content\/uploads\/2025\/10\/Lido-anode-D-295-2025-GK.zip\">Preuzimanje<\/a><\/td><td class=\"column-6\"><\/td>\n<\/tr>\n<tr class=\"row-9\">\n\t<td class=\"column-1\">Finansijska usluga  - izdavanje \u010dinidbene bankarske garancije za zaklju\u010denje ugovora o kori\u0161\u0107enju LNG terminala u korist Gastrade S.A,Gr\u010dka u skladu sa TUA ugovorom,jn.br.U-483\/2025-TE<\/td><td class=\"column-2\">Usluge<\/td><td class=\"column-3\">Otvoreni postupak<\/td><td class=\"column-4\">29.09.2025 10:00<\/td><td class=\"column-5\">Javni poziv<br \/>\nObjavljeno 09.09.2025.<br \/>\n<a href=\"https:\/\/www.srbijagas.com\/wp-content\/uploads\/2025\/09\/javni-poziv-za-glasnik-Bankarska-garancija-projekat-Gastrade-za-2025.god_.-cinidbena-garancija-3.pdf\">Preuzimanje<\/a><\/td><td class=\"column-6\"><\/td>\n<\/tr>\n<tr class=\"row-10\">\n\t<td class=\"column-1\">Radiografska  kontrola zavarnih spojeva,<br \/>\nU-400\/2025-TE<\/td><td class=\"column-2\">Usluge<\/td><td class=\"column-3\">Otvoreni postupak<\/td><td class=\"column-4\">11.09.2025 09:00<\/td><td class=\"column-5\">Javni poziv<br \/>\nObjavljeno 25.08.2025.<br \/>\n<a href=\"https:\/\/www.srbijagas.com\/wp-content\/uploads\/2025\/08\/Javni-poziv-sektorski-narucilac-2.pdf\">Preuzimanje<\/a><\/td><td class=\"column-6\"><\/td>\n<\/tr>\n<tr class=\"row-11\">\n\t<td class=\"column-1\">Servis i etaloniranje pisa\u010da,manometara i merne opreme U-396\/2025-TE - NE OTVARATI\u201d.<\/td><td class=\"column-2\">Usluge<\/td><td class=\"column-3\">Otvoreni postupak<\/td><td class=\"column-4\">04.08.2025 09:00<\/td><td class=\"column-5\">Javni poziv<br \/>\nObjavljeno 11.07.2025.<br \/>\n<a href=\"https:\/\/www.srbijagas.com\/wp-content\/uploads\/2025\/07\/Javni-poziv-sektorski-narucilac-1.pdf\">Preuzimanje<\/a><\/td><td class=\"column-6\"><\/td>\n<\/tr>\n<tr class=\"row-12\">\n\t<td class=\"column-1\">Elektrogalanterija D-203\/2025-GK<\/td><td class=\"column-2\">Dobra<\/td><td class=\"column-3\">Otvoreni postupak<\/td><td class=\"column-4\">18.07.2025 11:00<\/td><td class=\"column-5\">Javni poziv<br \/>\nObjavljeno 26.06.2025.<br \/>\n<a href=\"https:\/\/www.srbijagas.com\/wp-content\/uploads\/2025\/06\/Javni-poziv-sektorski-narucilac-24.pdf\">Preuzimanje<\/a><\/td><td class=\"column-6\"><\/td>\n<\/tr>\n<tr class=\"row-13\">\n\t<td class=\"column-1\">Elektri\u010dni kablovi D-300\/2025-TE<\/td><td class=\"column-2\">Dobra<\/td><td class=\"column-3\">Otvoreni postupak<\/td><td class=\"column-4\">18.07.2025 09:00<\/td><td class=\"column-5\">Javni poziv<br \/>\nObjavljeno 26.06.2025.<br \/>\n<a href=\"https:\/\/www.srbijagas.com\/wp-content\/uploads\/2025\/06\/Javni-poziv-sektorski-narucilac.pdf\">Preuzimanje<\/a><\/td><td class=\"column-6\"><\/td>\n<\/tr>\n<tr class=\"row-14\">\n\t<td class=\"column-1\">Zatvara\u010di \u010dista\u010dkih kutija za gasovode od 24'' do 30'' D-58\/2024-GK<\/td><td class=\"column-2\">Dobra<\/td><td class=\"column-3\">Otvoreni postupak<\/td><td class=\"column-4\">31.01.2025 11:00<\/td><td class=\"column-5\">Javni poziv i uputstvo ponu\u0111a\u010dima<br \/>\nObjavljeno 30.12.2024.<br \/>\n<a href=\"https:\/\/www.srbijagas.com\/wp-content\/uploads\/2025\/01\/Zatvaraci-cistackih-kutija-za-gasovode-od-24-do-30-D-58-2024-GK.zip\">Preuzimanje<\/a><\/td><td class=\"column-6\"><\/td>\n<\/tr>\n<tr class=\"row-15\">\n\t<td class=\"column-1\">Zatvara\u010di \u010dista\u010dkih kutija za gasovode od 16'' do 24'' D-57\/2024-GK<\/td><td class=\"column-2\">Dobra<\/td><td class=\"column-3\">Otvoreni postupak<\/td><td class=\"column-4\">31.01.2025 10:30<\/td><td class=\"column-5\">Javni poziv i uputstvo ponu\u0111a\u010dima<br \/>\nObjavljeno 30.12.2024.<br \/>\n<a href=\"https:\/\/www.srbijagas.com\/wp-content\/uploads\/2025\/01\/Zatvaraci-cistackih-kutija-za-gasovode-od-16-do-24-D-57-2024-GK.zip\">Preuzimanje<\/a><\/td><td class=\"column-6\"><\/td>\n<\/tr>\n<tr class=\"row-16\">\n\t<td class=\"column-1\">Zatvara\u010di \u010dista\u010dkih kutija za gasovode do 16'' D-56\/2024-GK<\/td><td class=\"column-2\">Dobra<\/td><td class=\"column-3\">Otvoreni postupak<\/td><td class=\"column-4\">31.01.2025 10:00<\/td><td class=\"column-5\">Javni poziv<br \/>\nObjavljeno 30.12.2024.<br \/>\n<a href=\"https:\/\/www.srbijagas.com\/wp-content\/uploads\/2025\/01\/Zatvaraci-cistackih-kutija-za-gasovode-do-16-D-56-2024-GK.zip\">Preuzimanje<\/a><\/td><td class=\"column-6\"><\/td>\n<\/tr>\n<tr class=\"row-17\">\n\t<td class=\"column-1\">Finansijska usluga  - izdavanje \u010dinidbene bankarske garancije za zaklju\u010denje ugovora o kori\u0161\u0107enju LNG terminala u korist Gastrade S.A,Gr\u010dka u skladu sa TUA ugovorom,jn.br.U-496\/2024-TE<\/td><td class=\"column-2\">Usluge<\/td><td class=\"column-3\">Otvoreni postupak<\/td><td class=\"column-4\">30.01.2025 10:00<\/td><td class=\"column-5\">Javni poziv<br \/>\nObjavljeno 27.12.2024.<br \/>\n<a href=\"https:\/\/www.srbijagas.com\/wp-content\/uploads\/2024\/12\/Javni-poziv-sektorski-narucilac-4.pdf\">Preuzimanje<\/a><\/td><td class=\"column-6\"><\/td>\n<\/tr>\n<tr class=\"row-18\">\n\t<td class=\"column-1\">Rekonstrukcija elektri\u010dnih razvodnih i napojnih ormana u GMRS i MRS, jn.br. D-352\/2024-TE<\/td><td class=\"column-2\">Dobra<\/td><td class=\"column-3\">Otvoreni postupak<\/td><td class=\"column-4\">03.02.2025 09:00<\/td><td class=\"column-5\">Javni poziv<br \/>\nObjavljeno 26.12.2024.<br \/>\n<a href=\"https:\/\/www.srbijagas.com\/wp-content\/uploads\/2024\/12\/Javni-poziv-sektorski-narucilac-1-1.pdf\">Preuzimanje<\/a><\/td><td class=\"column-6\"><\/td>\n<\/tr>\n<tr class=\"row-19\">\n\t<td class=\"column-1\">Pregled i ispitivanje opreme za rad i ispitivanje uslova radne okoline u svemu prema tehni\u010dkim karakteristikama (specifikacijama) iz konkursne dokumentacije Naru\u010dioca U-449\/2024-TE<\/td><td class=\"column-2\">Usluge<\/td><td class=\"column-3\">Otvoreni postupak<\/td><td class=\"column-4\">27.01.2025 09:00<\/td><td class=\"column-5\">Javni poziv<br \/>\nObjavljeno 26.12.2024.<br \/>\n<a href=\"https:\/\/www.srbijagas.com\/wp-content\/uploads\/2024\/12\/Javni-poziv-sektorski-narucilac-2.pdf\">Preuzimanje<\/a><\/td><td class=\"column-6\"><\/td>\n<\/tr>\n<tr class=\"row-20\">\n\t<td class=\"column-1\">Usluga \u2013 tehni\u010dkog pregleda i registracije slu\u017ebenih vozila U-441\/2024-TE<\/td><td class=\"column-2\">Usluge<\/td><td class=\"column-3\">Otvoreni postupak - okvirni sporazum<\/td><td class=\"column-4\">13.01.2025 09:00<\/td><td class=\"column-5\">Javni poziv<br \/>\nObjavljeno 16.12.2024.<br \/>\n<a href=\"https:\/\/www.srbijagas.com\/wp-content\/uploads\/2024\/12\/Javni-poziv-sektorski-narucilac.pdf\">Preuzimanje<\/a><\/td><td class=\"column-6\"><\/td>\n<\/tr>\n<tr class=\"row-21\">\n\t<td class=\"column-1\">Servis i etaloniranje manometara, pisa\u010da i merne opreme U-385\/2024-GK<\/td><td class=\"column-2\">Usluge<\/td><td class=\"column-3\">Otvoreni postupak<\/td><td class=\"column-4\">10.01.2025 10:00<\/td><td class=\"column-5\">Javni poziv i uputstvo ponu\u0111a\u010dima<br \/>\nObjavljeno 13.12.2024.<br \/>\n<a href=\"https:\/\/www.srbijagas.com\/wp-content\/uploads\/2024\/12\/Servis-i-etaloniranje-manometara-pisaca-i-merne-opreme-U-385-2024-GK.zip\">Preuzimanje<\/a><\/td><td class=\"column-6\"><\/td>\n<\/tr>\n<\/tbody>\n<\/table>\n<!-- #tablepress-9 from cache --><div class=\"fusion-sep-clear\"><\/div><div class=\"fusion-separator fusion-full-width-sep\" style=\"margin-left: auto;margin-right: auto;margin-top:60px;margin-bottom:0px;width:100%;\"><\/div><div class=\"fusion-sep-clear\"><\/div><div class=\"fusion-clearfix\"><\/div><\/div><\/div><\/div><\/div><div class=\"fusion-fullwidth fullwidth-box fusion-builder-row-2 fixed hundred-percent-fullwidth non-hundred-percent-height-scrolling\" style=\"--awb-border-radius-top-left:0px;--awb-border-radius-top-right:0px;--awb-border-radius-bottom-right:0px;--awb-border-radius-bottom-left:0px;--awb-padding-top:0px;--awb-padding-bottom:0px;--awb-margin-top:10px;--awb-margin-bottom:10px;--awb-flex-wrap:wrap;\" ><\/div>\n<\/p>\n","protected":false},"excerpt":{"rendered":"","protected":false},"author":1,"featured_media":0,"parent":0,"menu_order":0,"comment_status":"closed","ping_status":"closed","template":"100-width.php","meta":{"footnotes":""},"class_list":["post-15195","page","type-page","status-publish","hentry"],"_links":{"self":[{"href":"https:\/\/www.srbijagas.com\/index.php?rest_route=\/wp\/v2\/pages\/15195","targetHints":{"allow":["GET"]}}],"collection":[{"href":"https:\/\/www.srbijagas.com\/index.php?rest_route=\/wp\/v2\/pages"}],"about":[{"href":"https:\/\/www.srbijagas.com\/index.php?rest_route=\/wp\/v2\/types\/page"}],"author":[{"embeddable":true,"href":"https:\/\/www.srbijagas.com\/index.php?rest_route=\/wp\/v2\/users\/1"}],"replies":[{"embeddable":true,"href":"https:\/\/www.srbijagas.com\/index.php?rest_route=%2Fwp%2Fv2%2Fcomments&post=15195"}],"version-history":[{"count":2,"href":"https:\/\/www.srbijagas.com\/index.php?rest_route=\/wp\/v2\/pages\/15195\/revisions"}],"predecessor-version":[{"id":15197,"href":"https:\/\/www.srbijagas.com\/index.php?rest_route=\/wp\/v2\/pages\/15195\/revisions\/15197"}],"wp:attachment":[{"href":"https:\/\/www.srbijagas.com\/index.php?rest_route=%2Fwp%2Fv2%2Fmedia&parent=15195"}],"curies":[{"name":"wp","href":"https:\/\/api.w.org\/{rel}","templated":true}]}}