{"id":4618,"date":"2020-01-28T09:24:28","date_gmt":"2020-01-28T09:24:28","guid":{"rendered":"https:\/\/srbijagas.com\/?page_id=4618"},"modified":"2020-05-26T11:57:16","modified_gmt":"2020-05-26T11:57:16","slug":"delatnost-8-3-5-3-2","status":"publish","type":"page","link":"https:\/\/www.srbijagas.com\/?page_id=4618","title":{"rendered":"\u0408\u0430\u0432\u043d\u0435 \u043d\u0430\u0431\u0430\u0432\u043a\u0435 2020"},"content":{"rendered":"<p><div class=\"fusion-fullwidth fullwidth-box fusion-builder-row-1 nonhundred-percent-fullwidth non-hundred-percent-height-scrolling\" style=\"--awb-border-radius-top-left:0px;--awb-border-radius-top-right:0px;--awb-border-radius-bottom-right:0px;--awb-border-radius-bottom-left:0px;--awb-padding-top:0px;--awb-padding-right:3%;--awb-padding-left:3%;--awb-margin-top:10px;--awb-background-color:rgba(192,193,186,0.17);--awb-flex-wrap:wrap;\" ><div class=\"fusion-builder-row fusion-row\"><div class=\"fusion-layout-column fusion_builder_column fusion-builder-column-0 fusion_builder_column_1_1 1_1 fusion-one-full fusion-column-first fusion-column-last\" style=\"--awb-bg-size:cover;\"><div class=\"fusion-column-wrapper fusion-flex-column-wrapper-legacy\"><div class=\"fusion-sep-clear\"><\/div><div class=\"fusion-separator fusion-full-width-sep\" style=\"margin-left: auto;margin-right: auto;margin-top:60px;margin-bottom:0px;width:100%;\"><\/div><div class=\"fusion-sep-clear\"><\/div>\n<table id=\"tablepress-6\" class=\"tablepress tablepress-id-6\">\n<thead>\n<tr class=\"row-1\">\n\t<th class=\"column-1\">\u041d\u0430\u0437\u0438\u0432 \u0438 \u0431\u0440\u043e\u0458 \u0458\u0430\u0432\u043d\u0435 \u043d\u0430\u0431\u0430\u0432\u043a\u0435<\/th><th class=\"column-2\">\u0412\u0440\u0441\u0442\u0430 \u043d\u0430\u0431\u0430\u0432\u043a\u0435 \u043f\u043e \u043f\u0440\u0435\u0434\u043c\u0435\u0442\u0443<\/th><th class=\"column-3\">\u0412\u0440\u0441\u0442\u0430 \u043d\u0430\u0431\u0430\u0432\u043a\u0435 \u043f\u043e \u043f\u043e\u0441\u0442\u0443\u043f\u043a\u0443<\/th><th class=\"column-4\">\u0420\u043e\u043a \u0437\u0430 \u0434\u043e\u0441\u0442\u0430\u0432\u0459\u0430\u045a\u0435 \u043f\u043e\u043d\u0443\u0434\u0430<\/th><th class=\"column-5\">\u041a\u043e\u043d\u043a\u0443\u0440\u0441\u043d\u0430 \u0434\u043e\u043a\u0443\u043c\u0435\u043d\u0430\u0442\u0446\u0438\u0458\u0430<\/th><th class=\"column-6\">\u041d\u0430\u043a\u043d\u0430\u0434\u043d\u0430 \u043e\u0431\u0430\u0432\u0435\u0448\u0442\u0435\u045a\u0430<\/th>\n<\/tr>\n<\/thead>\n<tbody class=\"row-striping row-hover\">\n<tr class=\"row-2\">\n\t<td class=\"column-1\">Kre\u010denje poslovnih prostorija u RJ Distribucija u Novom Sadu, R-566\/V\/2022-TE<\/td><td class=\"column-2\">Radovi<\/td><td class=\"column-3\">Otvoreni postupak - rezervisana jn<\/td><td class=\"column-4\">18.04.2022,09:00<\/td><td class=\"column-5\">Javni poziv-sektorska nabavka <br \/>\nObjavljeno 31.03.2022.<br \/>\n<a href=\"https:\/\/www.srbijagas.com\/wp-content\/uploads\/2022\/03\/Javni-poziv-sektorski-narucilac-31.03.2022.pdf\">Preuzimanje<\/a><\/td><td class=\"column-6\"><\/td>\n<\/tr>\n<tr class=\"row-3\">\n\t<td class=\"column-1\">Finansijska usluga  - izdavanje \u010dinidbene bankarske garancije za zaklju\u010denje ugovora o kori\u0161\u0107enju LNG terminala u korist Gastrade S.A,Gr\u010dka,jn.br.U-389\/V\/2021-TE<\/td><td class=\"column-2\">Usluge<\/td><td class=\"column-3\">Otvoreni postupak<\/td><td class=\"column-4\">17.01.2022,09:00<\/td><td class=\"column-5\">Javni poziv-sektorska nabavka <br \/>\nObjavljeno 21.12.2021.<br \/>\n<a href=\"https:\/\/www.srbijagas.com\/wp-content\/uploads\/2021\/12\/Javni-poziv-sektorski-narucilac-11.pdf\">Preuzimanje<\/a><\/td><td class=\"column-6\"><\/td>\n<\/tr>\n<tr class=\"row-4\">\n\t<td class=\"column-1\">Odr\u017eavanje gra\u0111evinskih objekata , jn.br. R-412\/V\/2021-TE<\/td><td class=\"column-2\">Radovi<\/td><td class=\"column-3\">Otvoreni postupak<\/td><td class=\"column-4\">21.01.2022,09:00<\/td><td class=\"column-5\">Javni poziv-sektorska nabavka <br \/>\nObjavljeno 21.12.2021.<br \/>\n<a href=\"https:\/\/www.srbijagas.com\/wp-content\/uploads\/2021\/12\/Javni-poziv-sektorski-narucilac.pdf\">Preuzimanje<\/a><\/td><td class=\"column-6\"><\/td>\n<\/tr>\n<tr class=\"row-5\">\n\t<td class=\"column-1\">Led paneli D-283\/2021-GK<\/td><td class=\"column-2\">Dobra<\/td><td class=\"column-3\">Otvoreni postupak<\/td><td class=\"column-4\">20.12.2021,10:00<\/td><td class=\"column-5\">Javni poziv-sektorska nabavka <br \/>\nObjavljeno 09.12.2021.<br \/>\n<a href=\"https:\/\/www.srbijagas.com\/wp-content\/uploads\/2021\/12\/Led-paneli-D-283-2021-GK.zip\">Preuzimanje<\/a><\/td><td class=\"column-6\"><\/td>\n<\/tr>\n<tr class=\"row-6\">\n\t<td class=\"column-1\">Prenosni ure\u0111aj za merenje otpornosti tla D-63\/2021-GK<\/td><td class=\"column-2\">Dobra<\/td><td class=\"column-3\">Otvoreni postupak<\/td><td class=\"column-4\">10.01.2022,10:00<\/td><td class=\"column-5\">Javni poziv-sektorska nabavka <br \/>\nObjavljeno 08.12.2021.<br \/>\n<a href=\"https:\/\/www.srbijagas.com\/wp-content\/uploads\/2021\/12\/Prenosni-uredaj-za-merenje-otpornosti-tla-D-63-2021-GK.zip\">Preuzimanje<\/a><\/td><td class=\"column-6\"><\/td>\n<\/tr>\n<tr class=\"row-7\">\n\t<td class=\"column-1\">Finansijska usluga  - izdavanje bankarske garancije za obezbe\u0111enje naknade za nepotpunu eksproprijaciju nepokretnosti radi izme\u0161tanja gasovoda u svrhu izgradnje autoputa \u201eMoravski koridor\u201c<br \/>\nU-531\/1\/V\/2021-TE<\/td><td class=\"column-2\">Usluge<\/td><td class=\"column-3\">Otvoreni postupak<\/td><td class=\"column-4\">31.12.2021,09:30<\/td><td class=\"column-5\">Javni poziv-sektorska nabavka <br \/>\nObjavljeno 30.11.2021.<br \/>\n<a href=\"https:\/\/www.srbijagas.com\/wp-content\/uploads\/2021\/11\/Javni-poziv-sektorski-narucilac-1-1.pdf\">Preuzimanje<\/a><\/td><td class=\"column-6\"><\/td>\n<\/tr>\n<tr class=\"row-8\">\n\t<td class=\"column-1\">Radovi na adaptaciji kancelarijskog prostora u sektoru tehni\u010dke podr\u0161ke R-418\/V\/2021-TE<\/td><td class=\"column-2\">Radovi<\/td><td class=\"column-3\">Otvoreni postupak - rezervisana javna nabavka<\/td><td class=\"column-4\">31.12.2021,09:00<\/td><td class=\"column-5\">Javni poziv-sektorska nabavka <br \/>\nObjavljeno 30.11.2021.<br \/>\n<a href=\"https:\/\/www.srbijagas.com\/wp-content\/uploads\/2021\/11\/Javni-poziv-sektorski-narucilac-1.pdf\">Preuzimanje<\/a><\/td><td class=\"column-6\"><\/td>\n<\/tr>\n<tr class=\"row-9\">\n\t<td class=\"column-1\">Radovi na adaptaciji radnih i pomo\u0107nih prostorija u Novom       Sadu, R-416\/V\/2021-TE<\/td><td class=\"column-2\">Radovi<\/td><td class=\"column-3\">Otvoreni postupak - rezervisana javna nabavka<\/td><td class=\"column-4\">27.12.2021,09:30<\/td><td class=\"column-5\">Javni poziv-sektorska nabavka <br \/>\nObjavljeno 26.11.2021.<br \/>\n<a href=\"https:\/\/www.srbijagas.com\/wp-content\/uploads\/2021\/11\/Javni-poziv-sektorski-narucilac.pdf\">Preuzimanje<\/a><\/td><td class=\"column-6\"><\/td>\n<\/tr>\n<tr class=\"row-10\">\n\t<td class=\"column-1\">Finansijska usluga  - izdavanje bankarske garancije za obezbe\u0111enje naknade za nepotpunu eksproprijaciju nepokretnosti radi izme\u0161tanja gasovoda u svrhu izgradnje autoputa \u201eMilo\u0161 Veliki\u201c, U-531\/V\/2021-TE<\/td><td class=\"column-2\">Usluge<\/td><td class=\"column-3\">Otvoreni postupak<\/td><td class=\"column-4\">27.12.2021,09:00<\/td><td class=\"column-5\">Javni poziv-sektorska nabavka <br \/>\nObjavljeno 26.11.2021.<br \/>\n<a href=\"https:\/\/www.srbijagas.com\/wp-content\/uploads\/2021\/11\/Javni-poziv-sektorski-narucilac-precisceni-tekst.pdf\">Preuzimanje<\/a><\/td><td class=\"column-6\"><\/td>\n<\/tr>\n<tr class=\"row-11\">\n\t<td class=\"column-1\">Redovno i naknadno odr\u017eavanje softvera za upravljanje imovinom i odr\u017eavanjem  U-451\/2021-GK<\/td><td class=\"column-2\">Usluge<\/td><td class=\"column-3\">Otvoreni postupak<\/td><td class=\"column-4\">29.11.2021,10:00<\/td><td class=\"column-5\">Javni poziv-sektorska nabavka <br \/>\nObjavljeno 29.10.2021.<br \/>\n<a href=\"https:\/\/www.srbijagas.com\/wp-content\/uploads\/2021\/10\/29.10.2021.-Redovno-i-naknadno-odrzavanje-softvera-za-upravljanje-imovinom-i-odrzavanjem-U-451-2021-GK.zip\">Preuzimanje<\/a><\/td><td class=\"column-6\"><\/td>\n<\/tr>\n<tr class=\"row-12\">\n\t<td class=\"column-1\">Pregled i ispitivanje opreme za rad i ispitivanje uslova radne sredine U-513\/V\/2021-TE<\/td><td class=\"column-2\">Usluge<\/td><td class=\"column-3\">Otvoreni postupak<\/td><td class=\"column-4\">01.11.2021,09:00<\/td><td class=\"column-5\">Javni poziv-sektorska nabavka <br \/>\nObjavljeno 29.09.2021.<br \/>\n<a href=\"https:\/\/www.srbijagas.com\/wp-content\/uploads\/2021\/09\/Javni-poziv-sektorski-narucilac2.pdf\">Preuzimanje<\/a><\/td><td class=\"column-6\"><\/td>\n<\/tr>\n<tr class=\"row-13\">\n\t<td class=\"column-1\">Oprema i pribor za elektri\u010dne alate i ma\u0161ine D-288\/V\/2021-TE<\/td><td class=\"column-2\">Dobra<\/td><td class=\"column-3\">Otvoreni postupak<\/td><td class=\"column-4\">01.10.2021,09:00<\/td><td class=\"column-5\">Javni poziv-sektorska nabavka <br \/>\nObjavljeno 31.08.2021.<br \/>\n<a href=\"https:\/\/www.srbijagas.com\/wp-content\/uploads\/2021\/08\/Javni-poziv-sektorski-narucilac1.pdf\">Preuzimanje<\/a><\/td><td class=\"column-6\"><\/td>\n<\/tr>\n<tr class=\"row-14\">\n\t<td class=\"column-1\">Materijal za popunu zaliha D-261\/2021-GK<\/td><td class=\"column-2\">Dobra<\/td><td class=\"column-3\">Otvoreni postupak<\/td><td class=\"column-4\">27.09.2021,10:00<\/td><td class=\"column-5\">Javni poziv-sektorska nabavka i Uputstvo ponu\u0111a\u010dima kako da sa\u010dine ponudu<br \/>\nObjavljeno 25.08.2021.<br \/>\n<a href=\"https:\/\/www.srbijagas.com\/wp-content\/uploads\/2021\/08\/Materijal-za-popunu-zaliha-D-261-2021-GK.zip\">Preuzimanje<\/a><\/td><td class=\"column-6\"><\/td>\n<\/tr>\n<tr class=\"row-15\">\n\t<td class=\"column-1\">Fitinzi D-221\/2021-GK<\/td><td class=\"column-2\">Dobra<\/td><td class=\"column-3\">Otvoreni postupak<\/td><td class=\"column-4\">24.09.2021,10:00<\/td><td class=\"column-5\">Javni poziv-sektorska nabavka i Uputstvo ponu\u0111a\u010dima kako da sa\u010dine ponudu<br \/>\nObjavljeno 24.08.2021.<br \/>\n<a href=\"https:\/\/www.srbijagas.com\/wp-content\/uploads\/2021\/08\/Fitinzi-D-221-2021-GK.zip\">Preuzimanje<\/a><\/td><td class=\"column-6\"><\/td>\n<\/tr>\n<tr class=\"row-16\">\n\t<td class=\"column-1\">Sanacija krovne konstrukcije R-415\/2021-GK<\/td><td class=\"column-2\">Radovi<\/td><td class=\"column-3\">Otvoreni postupak<\/td><td class=\"column-4\">03.09.2021,10:00<\/td><td class=\"column-5\">Javni poziv-sektorska nabavka i Uputstvo ponu\u0111a\u010dima kako da sa\u010dine ponudu<br \/>\nObjavljeno 03.08.2021.<br \/>\n<a href=\"https:\/\/www.srbijagas.com\/wp-content\/uploads\/2021\/08\/Sanacija-krovne-konstrukcije-R-415-2021-GK.zip\">Preuzimanje<\/a><\/td><td class=\"column-6\"><\/td>\n<\/tr>\n<tr class=\"row-17\">\n\t<td class=\"column-1\">Izrada procene rizika od katastrofe i plana za\u0161tite i spasavanja U-372\/2021-GK<\/td><td class=\"column-2\">Usluge<\/td><td class=\"column-3\">Otvoreni postupak<\/td><td class=\"column-4\">23.08.2021,10:00<\/td><td class=\"column-5\">Javni poziv-sektorska nabavka i Uputstvo ponu\u0111a\u010dima kako da sa\u010dine ponudu<br \/>\nObjavljeno 23.07.2021.<br \/>\n<a href=\"https:\/\/www.srbijagas.com\/wp-content\/uploads\/2021\/07\/Izrada-procene-rizika-od-katastrofe-i-plana-zastite-i-spasavanja-U-372-2021-GK.zip\">Preuzimanje<\/a><\/td><td class=\"column-6\"><\/td>\n<\/tr>\n<tr class=\"row-18\">\n\t<td class=\"column-1\">Finansijska usluga  - izdavanja bankarske garancije za dobro izvr\u0161enje u korist \u201eInfrastructure Development and Constracton\u201c  d.o.o Beograd U-386\/V\/2021-TE<\/td><td class=\"column-2\">Usluge<\/td><td class=\"column-3\">Otvoreni postupak<\/td><td class=\"column-4\">09.08.2021,09:00<\/td><td class=\"column-5\">Javni poziv<br \/>\nObjavljeno 09.07.2021.<br \/>\n<a href=\"https:\/\/www.srbijagas.com\/wp-content\/uploads\/2021\/07\/Javni-poziv-sektorski-narucilac-2.pdf\">Preuzimanje<\/a><\/td><td class=\"column-6\"><\/td>\n<\/tr>\n<tr class=\"row-19\">\n\t<td class=\"column-1\">Finansijska usluga  - izdavanja bankarske garancije za primljeni avans u korist \u201eInfrastructure Development and Constracton\u201c  d.o.o Beograd U-384\/V\/2021-TE<\/td><td class=\"column-2\">Usluge<\/td><td class=\"column-3\">Otvoreni postupak<\/td><td class=\"column-4\">09.08.2021,09:30<\/td><td class=\"column-5\">Javni poziv<br \/>\nObjavljeno 09.07.2021.<br \/>\n<a href=\"https:\/\/www.srbijagas.com\/wp-content\/uploads\/2021\/07\/Javni-poziv-sektorski-narucilac-1-1.pdf\">Preuzimanje<\/a><\/td><td class=\"column-6\"><\/td>\n<\/tr>\n<tr class=\"row-20\">\n\t<td class=\"column-1\">Dogradnja invertorskih aparata za zavarivanje u za\u0161titnoj atmosferi D-68\/V\/2021-TE<\/td><td class=\"column-2\">Dobra<\/td><td class=\"column-3\">Otvoreni postupak<\/td><td class=\"column-4\">23.07.2021,11:00<\/td><td class=\"column-5\">Javni poziv-sektorska nabavka<br \/>\nObjavljeno 07.07.2021.<br \/>\n<a href=\"https:\/\/www.srbijagas.com\/wp-content\/uploads\/2021\/07\/Javni-poziv-sektorski-narucilac-D-68-V-2021-TE.pdf\">Preuzimanje<\/a><\/td><td class=\"column-6\"><\/td>\n<\/tr>\n<tr class=\"row-21\">\n\t<td class=\"column-1\">Potro\u0161ni materijal za obradu i zavrivanje cevi D-274\/V\/2021-TE<\/td><td class=\"column-2\">Dobra<\/td><td class=\"column-3\">Otvoreni postupak<\/td><td class=\"column-4\">23.07.2021,10:00<\/td><td class=\"column-5\">Javni poziv-sektorska nabavka<br \/>\nObjavljeno 07.07.2021.<br \/>\n<a href=\"https:\/\/www.srbijagas.com\/wp-content\/uploads\/2021\/07\/Javni-poziv-sektorski-narucilac-1.pdf\">Preuzimanje<\/a><\/td><td class=\"column-6\"><\/td>\n<\/tr>\n<tr class=\"row-22\">\n\t<td class=\"column-1\">Potro\u0161ni elektromaterijal za odr\u017eavanje elektroinstalacija D-183\/1\/2021-GK<\/td><td class=\"column-2\">Dobra<\/td><td class=\"column-3\">Otvoreni postupak<\/td><td class=\"column-4\">26.07.2021,10:00<\/td><td class=\"column-5\">Javni poziv-sektorska nabavka i Uputstvo ponu\u0111a\u010dima kako da sa\u010dine ponudu<br \/>\nObjavljeno 25.06.2021.<br \/>\n<a href=\"https:\/\/www.srbijagas.com\/wp-content\/uploads\/2021\/07\/Potrosni-elektromaterijal-za-odrzavanje-elektroinstalacija-D-18312021-GK.zip\">Preuzimanje<\/a><\/td><td class=\"column-6\"><\/td>\n<\/tr>\n<tr class=\"row-23\">\n\t<td class=\"column-1\">\u041aomplet automatska stanica katodne za\u0161tite D-84\/V\/2021-TE<\/td><td class=\"column-2\">Dobra<\/td><td class=\"column-3\">Otvoreni postupak<\/td><td class=\"column-4\">19.07.2021,10:00<\/td><td class=\"column-5\">Javni poziv-sektorska nabavka<br \/>\nObjavljeno 22.06.2021.<br \/>\n<a href=\"https:\/\/www.srbijagas.com\/wp-content\/uploads\/2021\/07\/Javni-poziv-sektorski-narucilac.pdf\">Preuzimanje<\/a><\/td><td class=\"column-6\"><\/td>\n<\/tr>\n<tr class=\"row-24\">\n\t<td class=\"column-1\">Izgradnja zgrade arhiva i magacina u krugu RJ u Novom sadu R-498\/2021-GK<\/td><td class=\"column-2\">Radovi<\/td><td class=\"column-3\">Otvoreni postupak<\/td><td class=\"column-4\">12.07.2021,10:00<\/td><td class=\"column-5\">Javni poziv-sektorska nabavka i Uputstvo ponu\u0111a\u010dima kako da sa\u010dine ponudu<br \/>\nObjavljeno 10.06.2021.<br \/>\n<a href=\"https:\/\/www.srbijagas.com\/wp-content\/uploads\/2021\/07\/Izgradnja-zgrade-arhiva-i-magacina-u-krugu-RJ-u-Novom-sadu-R-4982021-GK.zip\">Preuzimanje<\/a><\/td><td class=\"column-6\"><\/td>\n<\/tr>\n<tr class=\"row-25\">\n\t<td class=\"column-1\">Adaptacija poslovnog prostora u ulici Ilije Bir\u010danina 25 u Novom Sadu- rolo re\u0161etke R-500\/2021-GK<\/td><td class=\"column-2\">Radovi<\/td><td class=\"column-3\">Otvoreni postupak<\/td><td class=\"column-4\">17.06.2021,10:00<\/td><td class=\"column-5\">Javni poziv-sektorska nabavka i Uputstvo ponu\u0111a\u010dima kako da sa\u010dine ponudu<br \/>\nObjavljeno 01.06.2021.<br \/>\n<a href=\"https:\/\/www.srbijagas.com\/wp-content\/uploads\/2021\/06\/Adaptacija-poslovnog-prostora-u-ulici-Ilije-Bircanina-25-u-Novom-Sadu-rolo-resetke.zip\">Preuzimanje<\/a><\/td><td class=\"column-6\"><\/td>\n<\/tr>\n<tr class=\"row-26\">\n\t<td class=\"column-1\">Adaptacija kancelarijskog prostora u RJ Distribucija Zrenjanin R-431\/2021-GK<\/td><td class=\"column-2\">Radovi<\/td><td class=\"column-3\">Otvoreni postupak<\/td><td class=\"column-4\">10.06.2021,10:00<\/td><td class=\"column-5\">Javni poziv-sektorska nabavka i Uputstvo ponu\u0111a\u010dima kako da sa\u010dine ponudu<br \/>\nObjavljeno 10.05.2021.<br \/>\n<a href=\"https:\/\/www.srbijagas.com\/wp-content\/uploads\/2021\/05\/Adaptacija-kancelarijskog-prostora-u-RJ-Distribucija-Zrenjanin-R-4312021-GK.zip\">Preuzimanje<\/a><\/td><td class=\"column-6\"><\/td>\n<\/tr>\n<tr class=\"row-27\">\n\t<td class=\"column-1\">Odr\u017eavanje sistema katodne za\u0161tite 456\/2021-GK<\/td><td class=\"column-2\">Usluge<\/td><td class=\"column-3\">Otvoreni postupak<\/td><td class=\"column-4\">27.05.2021,10:00<\/td><td class=\"column-5\">Javni poziv-sektorska nabavka i Uputstvo ponu\u0111a\u010dima kako da sa\u010dine ponudu<br \/>\nObjavljeno 26.04.2021.<br \/>\n<a href=\"https:\/\/www.srbijagas.com\/wp-content\/uploads\/2021\/04\/Odrzavanje-sistema-katodne-zastite-456-2021-GK.zip\">Preuzimanje<\/a><\/td><td class=\"column-6\"><\/td>\n<\/tr>\n<tr class=\"row-28\">\n\t<td class=\"column-1\">Finansijska usluga  - izdavanje \u010dinidbene bankarske garancije za zaklju\u010denje ugovora o kori\u0161\u0107enju LNG terminala u korist Gastrade S.A,Gr\u010dka<\/td><td class=\"column-2\">Usluge<\/td><td class=\"column-3\">Otvoreni postupak<\/td><td class=\"column-4\">24.05.2021,10:00<\/td><td class=\"column-5\">Javni poziv-sektorska nabavka<br \/>\nObjavljeno 23.04.2021.<br \/>\n<a href=\"https:\/\/www.srbijagas.com\/wp-content\/uploads\/2021\/04\/Javni-poziv-sektorski-narucilac.pdf\">Preuzimanje<\/a><\/td><td class=\"column-6\"><\/td>\n<\/tr>\n<tr class=\"row-29\">\n\t<td class=\"column-1\">Adaptacija poslovnog prostora u ulici Ilije Bir\u010danina 25 u Novom Sadu- rolo re\u0161etke, R-500\/2021-GK<\/td><td class=\"column-2\">Radovi<\/td><td class=\"column-3\">Otvoreni postupak<\/td><td class=\"column-4\">26.04.2021,10:00<\/td><td class=\"column-5\">Javni poziv-sektorska nabavka i Uputstvo ponu\u0111a\u010dima kako da sa\u010dine ponudu<br \/>\nObjavljeno 15.04.2021.<br \/>\n<a href=\"https:\/\/www.srbijagas.com\/wp-content\/uploads\/2021\/04\/Adaptacija-poslovnog-prostora.zip\">Preuzimanje<\/a><\/td><td class=\"column-6\"><\/td>\n<\/tr>\n<tr class=\"row-30\">\n\t<td class=\"column-1\">FIREWALL ure\u0111aj za za\u0161titu mre\u017ene infrastrukture na centrali u RJ D-9\/2020-SN<\/td><td class=\"column-2\">Dobra<\/td><td class=\"column-3\">Otvoreni postupak<\/td><td class=\"column-4\">28.01.2021,10:30<\/td><td class=\"column-5\">Javni poziv za dostavu ponuda<br \/>\nObjavljeno 31.12.2020.<br \/>\n<a href=\"https:\/\/www.srbijagas.com\/wp-content\/uploads\/2021\/01\/Javni-poziv-D-9-2020-Firewall.pdf\">Preuzimanje<\/a><\/td><td class=\"column-6\"><\/td>\n<\/tr>\n<tr class=\"row-31\">\n\t<td class=\"column-1\">Ra\u010dunarska oprema D-4\/11\/2020-SN<\/td><td class=\"column-2\">Dobra<\/td><td class=\"column-3\">Otvoreni postupak<\/td><td class=\"column-4\">27.01.2021,10:30<\/td><td class=\"column-5\">Javni poziv za dostavu ponuda<br \/>\nObjavljeno 31.12.2020.<br \/>\n<a href=\"https:\/\/www.srbijagas.com\/wp-content\/uploads\/2021\/01\/Javni-poziv-D-4-11-2020.pdf\">Preuzimanje<\/a><\/td><td class=\"column-6\"><\/td>\n<\/tr>\n<tr class=\"row-32\">\n\t<td class=\"column-1\">El energija za 2021.godinu V-D-144\/2020-MM<\/td><td class=\"column-2\">Dobra<\/td><td class=\"column-3\">Otvoreni postupak<\/td><td class=\"column-4\">21.01.2021,10:00<\/td><td class=\"column-5\">Poziv za elektronsko podno\u0161enje ponuda na Portalu za javne nabavke<br \/>\nObjavljen 30.12.2020.<\/td><td class=\"column-6\"><\/td>\n<\/tr>\n<tr class=\"row-33\">\n\t<td class=\"column-1\">Ra\u010dunarska oprema D-4\/10\/2020-SN<\/td><td class=\"column-2\">Dobra<\/td><td class=\"column-3\">Otvoreni postupak<\/td><td class=\"column-4\">22.01.2021,10:30<\/td><td class=\"column-5\">Javni poziv za dostavu ponuda<br \/>\nObjavljeno 28.12.2020.<br \/>\n<a href=\"https:\/\/www.srbijagas.com\/wp-content\/uploads\/2020\/12\/Javni-poziv-D-4-10-2020.pdf\">Preuzimanje<\/a><\/td><td class=\"column-6\"><\/td>\n<\/tr>\n<tr class=\"row-34\">\n\t<td class=\"column-1\">Usluge pranja vozila V-U-273-1\/2020-MM u skladu sa Zakonom o javnim nabavkama Sl.glasnik R.Srbije 91\/19<br \/>\nPartija 1 Novi Sad, Partija 2 Beograd Partija 3 Kikinda<\/td><td class=\"column-2\">Usluge<\/td><td class=\"column-3\">Otvoreni postupak \u2013 okvirni sporazum<\/td><td class=\"column-4\">22.01.2021,10:00<\/td><td class=\"column-5\">Poziv za elektronsko podno\u0161enje ponuda na Portalu za javne nabavke<br \/>\nObjavljen 28.12.2020.<\/td><td class=\"column-6\"><\/td>\n<\/tr>\n<tr class=\"row-35\">\n\t<td class=\"column-1\">Fotokopir aparat u boji A3 D-5\/1\/2020-SN<\/td><td class=\"column-2\">Dobra<\/td><td class=\"column-3\">Otvoreni postupak<\/td><td class=\"column-4\">21.01.2021,10:30<\/td><td class=\"column-5\">Javni poziv za dostavu ponuda<br \/>\nObjavljeno 28.12.2020.<br \/>\n<a href=\"https:\/\/www.srbijagas.com\/wp-content\/uploads\/2020\/12\/Javni-poziv-D-5-1-2020.pdf\">Preuzimanje<\/a><\/td><td class=\"column-6\"><\/td>\n<\/tr>\n<tr class=\"row-36\">\n\t<td class=\"column-1\">Garnitura elektroni\u010darskog alata i alata za instalaciju mre\u017enih kablova D-66\/8\/2020-SN<\/td><td class=\"column-2\">Dobra<\/td><td class=\"column-3\">Otvoreni postupak<\/td><td class=\"column-4\">20.01.2021,10:30<\/td><td class=\"column-5\">Javni poziv za dostavu ponuda<br \/>\nObjavljeno 25.12.2020.<br \/>\n<a href=\"https:\/\/www.srbijagas.com\/wp-content\/uploads\/2020\/12\/Javni-poziv-D-66-8-2020.pdf\">Preuzimanje<\/a><\/td><td class=\"column-6\"><\/td>\n<\/tr>\n<tr class=\"row-37\">\n\t<td class=\"column-1\">Vulkanizerske usluge V-U-283-1\/2020-MM u skladu sa Zakonom o javnim nabavkama Sl.glasnik R.Srbije 91\/19<br \/>\nPartija 1 Beograd, Partija 2 Kikinda Partija 3 Pan\u010devo<\/td><td class=\"column-2\">Usluge<\/td><td class=\"column-3\">Otvoreni postupak \u2013 okvirni sporazum <\/td><td class=\"column-4\">14.01.2021,10:00<\/td><td class=\"column-5\">Poziv za elektronsko podno\u0161enje ponuda na Portalu za javne nabavke<br \/>\nObjavljen 21.12.2020.<\/td><td class=\"column-6\"><\/td>\n<\/tr>\n<tr class=\"row-38\">\n\t<td class=\"column-1\">Izvo\u0111enjegra\u0111evinskih radova na Bulevaru osobo\u0111enja br. 5 u Novom Sadu R-394<\/td><td class=\"column-2\">Radovi<\/td><td class=\"column-3\">Otvoreni postupak<\/td><td class=\"column-4\">31.12.2020,09:00<\/td><td class=\"column-5\">Javni poziv za dostavu ponuda<br \/>\nObjavljeno 21.12.2020.<br \/>\n<a href=\"https:\/\/www.srbijagas.com\/wp-content\/uploads\/2020\/12\/Javni-poziv-sektorski-narucilac-3-R-394.pdf\">Preuzimanje<\/a><\/td><td class=\"column-6\"><\/td>\n<\/tr>\n<tr class=\"row-39\">\n\t<td class=\"column-1\">Projektovanje i izgradnja elektri\u010dnih instalacija na gasovodnim objektima po dobijenim re\u0161enjima EPS-a 443<\/td><td class=\"column-2\">Usluge<\/td><td class=\"column-3\">Otvoreni postupak<\/td><td class=\"column-4\">06.01.2021,10:00<\/td><td class=\"column-5\">Javni poziv za dostavu ponuda<br \/>\nObjavljeno 21.12.2020.<br \/>\n<a href=\"https:\/\/www.srbijagas.com\/wp-content\/uploads\/2020\/12\/Javni-poziv-sektorski-narucilac-5-443.pdf\">Preuzimanje<\/a><\/td><td class=\"column-6\"><\/td>\n<\/tr>\n<tr class=\"row-40\">\n\t<td class=\"column-1\">Elektromehani\u010dkiru\u010dni alati D-66\/8\/2020-TE<\/td><td class=\"column-2\">Dobra<\/td><td class=\"column-3\">Otvoreni postupak<\/td><td class=\"column-4\">06.01.2021,11:00<\/td><td class=\"column-5\">Javni poziv za dostavu ponuda<br \/>\nObjavljeno 21.12.2020.<br \/>\n<a href=\"https:\/\/www.srbijagas.com\/wp-content\/uploads\/2020\/12\/Javni-poziv-sektorski-narucilac-6-D-66-8-2020-TE.pdf\">Preuzimanje<\/a><\/td><td class=\"column-6\"><\/td>\n<\/tr>\n<tr class=\"row-41\">\n\t<td class=\"column-1\">Vulkanizerske usluge V-U-283-2020-MM<\/td><td class=\"column-2\">Usluge<\/td><td class=\"column-3\">Otvoreni postupak \u2013 okvirni sporazum <\/td><td class=\"column-4\">04.01.2021,10:00<\/td><td class=\"column-5\">Poziv za elektronsko podno\u0161enje ponuda na Portalu za javne nabavke<br \/>\nObjavljen 17.12.2020.<\/td><td class=\"column-6\"><\/td>\n<\/tr>\n<tr class=\"row-42\">\n\t<td class=\"column-1\">Odr\u017eavanje i nadogradnja web portala U-343\/2020-SN<\/td><td class=\"column-2\">Usluge<\/td><td class=\"column-3\">Otvoreni postupak<\/td><td class=\"column-4\">06.01.2021,10:30<\/td><td class=\"column-5\">Javni poziv za dostavu ponuda<br \/>\nObjavljeno 16.12.2020.<br \/>\n<a href=\"https:\/\/www.srbijagas.com\/wp-content\/uploads\/2020\/12\/Javni-poziv-U-343-2020-SN.pdf\">Preuzimanje<\/a><\/td><td class=\"column-6\"><\/td>\n<\/tr>\n<tr class=\"row-43\">\n\t<td class=\"column-1\">Rezervni delovi ure\u0111aja za predgrevanje sa uslugom servisa  D-182\/2020-GK<\/td><td class=\"column-2\">Dobra<\/td><td class=\"column-3\">Otvoreni postupak<\/td><td class=\"column-4\">11.01.2021,10:00<\/td><td class=\"column-5\">Javni poziv za dostavu ponuda<br \/>\nObjavljeno 11.12.2020.<br \/>\n<a href=\"https:\/\/www.srbijagas.com\/wp-content\/uploads\/2020\/12\/Javni-poziv-sektorski-narucilac-2-D-182-2020-GK.pdf\">Preuzimanje<\/a><\/td><td class=\"column-6\"><\/td>\n<\/tr>\n<\/tbody>\n<\/table>\n<!-- #tablepress-6 from cache --><div class=\"fusion-sep-clear\"><\/div><div class=\"fusion-separator fusion-full-width-sep\" style=\"margin-left: auto;margin-right: auto;margin-top:60px;margin-bottom:0px;width:100%;\"><\/div><div class=\"fusion-sep-clear\"><\/div><div class=\"fusion-clearfix\"><\/div><\/div><\/div><\/div><\/div><div class=\"fusion-fullwidth fullwidth-box fusion-builder-row-2 fixed hundred-percent-fullwidth non-hundred-percent-height-scrolling\" style=\"--awb-border-radius-top-left:0px;--awb-border-radius-top-right:0px;--awb-border-radius-bottom-right:0px;--awb-border-radius-bottom-left:0px;--awb-padding-top:0px;--awb-padding-bottom:0px;--awb-margin-top:10px;--awb-margin-bottom:10px;--awb-flex-wrap:wrap;\" ><\/div>\n<\/p>\n","protected":false},"excerpt":{"rendered":"","protected":false},"author":5,"featured_media":0,"parent":0,"menu_order":0,"comment_status":"closed","ping_status":"closed","template":"100-width.php","meta":{"footnotes":""},"class_list":["post-4618","page","type-page","status-publish","hentry"],"_links":{"self":[{"href":"https:\/\/www.srbijagas.com\/index.php?rest_route=\/wp\/v2\/pages\/4618","targetHints":{"allow":["GET"]}}],"collection":[{"href":"https:\/\/www.srbijagas.com\/index.php?rest_route=\/wp\/v2\/pages"}],"about":[{"href":"https:\/\/www.srbijagas.com\/index.php?rest_route=\/wp\/v2\/types\/page"}],"author":[{"embeddable":true,"href":"https:\/\/www.srbijagas.com\/index.php?rest_route=\/wp\/v2\/users\/5"}],"replies":[{"embeddable":true,"href":"https:\/\/www.srbijagas.com\/index.php?rest_route=%2Fwp%2Fv2%2Fcomments&post=4618"}],"version-history":[{"count":5,"href":"https:\/\/www.srbijagas.com\/index.php?rest_route=\/wp\/v2\/pages\/4618\/revisions"}],"predecessor-version":[{"id":12726,"href":"https:\/\/www.srbijagas.com\/index.php?rest_route=\/wp\/v2\/pages\/4618\/revisions\/12726"}],"wp:attachment":[{"href":"https:\/\/www.srbijagas.com\/index.php?rest_route=%2Fwp%2Fv2%2Fmedia&parent=4618"}],"curies":[{"name":"wp","href":"https:\/\/api.w.org\/{rel}","templated":true}]}}